{"id":248,"date":"2025-03-17T21:30:45","date_gmt":"2025-03-17T21:30:45","guid":{"rendered":"https:\/\/lacotedeboeufbordeaux.com\/contacto-reservas-la-cote-de-boeuf-en-burdeos\/"},"modified":"2026-03-09T12:54:00","modified_gmt":"2026-03-09T12:54:00","slug":"contacto-reservas-la-cote-de-boeuf-en-burdeos","status":"publish","type":"page","link":"https:\/\/lacotedeboeufbordeaux.com\/es\/contacto-reservas-la-cote-de-boeuf-en-burdeos\/","title":{"rendered":"Contacto y Reservas \u2013 La C\u00f4te de B\u0153uf en Burdeos"},"content":{"rendered":"<p>[et_pb_section fb_built=\u00bb1&#8243; admin_label=\u00bbHeader &#038; Contact\u00bb _builder_version=\u00bb4.24.3&#8243; _module_preset=\u00bbdefault\u00bb collapsed=\u00bbon\u00bb global_colors_info=\u00bb{}\u00bb][et_pb_row _builder_version=\u00bb4.24.3&#8243; _module_preset=\u00bbdefault\u00bb max_width=\u00bbnone\u00bb global_colors_info=\u00bb{}\u00bb][et_pb_column type=\u00bb4_4&#8243; _builder_version=\u00bb4.24.3&#8243; _module_preset=\u00bbdefault\u00bb global_colors_info=\u00bb{}\u00bb][et_pb_heading title=\u00bbContacto y Reservas | La C\u00f4te de B\u0153uf en Burdeos\u00bb _builder_version=\u00bb4.27.4&#8243; _module_preset=\u00bb_initial\u00bb title_font=\u00bbLibre Bodoni|700|||||||\u00bb title_text_align=\u00bbcenter\u00bb title_font_size=\u00bb51px\u00bb title_line_height=\u00bb1.2em\u00bb width=\u00bb49%\u00bb module_alignment=\u00bbcenter\u00bb custom_margin=\u00bb||10px||false|false\u00bb title_font_size_tablet=\u00bb40px\u00bb title_font_size_phone=\u00bb24px\u00bb title_font_size_last_edited=\u00bbon|desktop\u00bb locked=\u00bboff\u00bb global_colors_info=\u00bb{}\u00bb][\/et_pb_heading][\/et_pb_column][\/et_pb_row][et_pb_row column_structure=\u00bb1_2,1_2&#8243; _builder_version=\u00bb4.24.3&#8243; _module_preset=\u00bbdefault\u00bb max_width=\u00bbnone\u00bb global_colors_info=\u00bb{}\u00bb][et_pb_column type=\u00bb1_2&#8243; _builder_version=\u00bb4.24.3&#8243; _module_preset=\u00bbdefault\u00bb global_colors_info=\u00bb{}\u00bb][et_pb_contact_form captcha=\u00bboff\u00bb email=\u00bbcotedeboeuf33000@gmail.com\u00bb success_message=\u00bbGracias por su solicitud. Le responderemos en breve. \u00bb submit_button_text=\u00bbReservar una mesa\u00bb _builder_version=\u00bb4.27.4&#8243; _module_preset=\u00bbdefault\u00bb _unique_id=\u00bb8ddaab5a-08d4-47a2-8858-aa1cfa0da86f\u00bb form_field_background_color=\u00bbRGBA(255,255,255,0)\u00bb form_field_text_color=\u00bb#000000&#8243; form_field_focus_background_color=\u00bb#000000&#8243; form_field_focus_text_color=\u00bb#FFFFFF\u00bb form_field_custom_margin=\u00bb0px||20px||false|false\u00bb form_field_custom_padding=\u00bb17px|30px|17px|30px|false|false\u00bb form_field_font=\u00bbOutfit||||||||\u00bb form_field_font_size=\u00bb16px\u00bb custom_button=\u00bbon\u00bb button_text_size=\u00bb13px\u00bb button_text_color=\u00bb#000000&#8243; button_bg_color=\u00bb#ffdea0&#8243; button_border_radius=\u00bb0px\u00bb button_letter_spacing=\u00bb2px\u00bb button_font=\u00bbOutfit|700||on|||||\u00bb button_use_icon=\u00bboff\u00bb button_custom_margin=\u00bb5px||0px||false|false\u00bb button_custom_padding=\u00bb18px||19px||false|false\u00bb custom_margin=\u00bb13px||0px||false|false\u00bb custom_margin_tablet=\u00bb0px||90px||false|false\u00bb custom_margin_phone=\u00bb||70px||false|false\u00bb custom_margin_last_edited=\u00bbon|tablet\u00bb custom_padding=\u00bb0px||0px||false|false\u00bb border_width_all=\u00bb1px\u00bb border_color_all=\u00bb#02486b\u00bb border_style_all=\u00bbdashed\u00bb locked=\u00bboff\u00bb global_colors_info=\u00bb{}\u00bb button_bg_color__hover_enabled=\u00bbon|hover\u00bb button_bg_color__hover=\u00bb#ffd27e\u00bb button_bg_enable_color__hover=\u00bbon\u00bb][et_pb_contact_field field_id=\u00bbNom\u00bb field_title=\u00bbNombre\u00bb _builder_version=\u00bb4.27.4&#8243; global_colors_info=\u00bb{}\u00bb button_text_size__hover_enabled=\u00bboff\u00bb button_one_text_size__hover_enabled=\u00bboff\u00bb button_two_text_size__hover_enabled=\u00bboff\u00bb button_text_color__hover_enabled=\u00bboff\u00bb button_one_text_color__hover_enabled=\u00bboff\u00bb button_two_text_color__hover_enabled=\u00bboff\u00bb button_border_width__hover_enabled=\u00bboff\u00bb button_one_border_width__hover_enabled=\u00bboff\u00bb button_two_border_width__hover_enabled=\u00bboff\u00bb button_border_color__hover_enabled=\u00bboff\u00bb button_one_border_color__hover_enabled=\u00bboff\u00bb button_two_border_color__hover_enabled=\u00bboff\u00bb button_border_radius__hover_enabled=\u00bboff\u00bb button_one_border_radius__hover_enabled=\u00bboff\u00bb button_two_border_radius__hover_enabled=\u00bboff\u00bb button_letter_spacing__hover_enabled=\u00bboff\u00bb button_one_letter_spacing__hover_enabled=\u00bboff\u00bb button_two_letter_spacing__hover_enabled=\u00bboff\u00bb button_bg_color__hover_enabled=\u00bboff\u00bb button_one_bg_color__hover_enabled=\u00bboff\u00bb button_two_bg_color__hover_enabled=\u00bboff\u00bb][\/et_pb_contact_field][et_pb_contact_field field_id=\u00bbtelephone\u00bb field_title=\u00bbTel\u00e9fono\u00bb _builder_version=\u00bb4.27.4&#8243; _module_preset=\u00bbdefault\u00bb global_colors_info=\u00bb{}\u00bb][\/et_pb_contact_field][et_pb_contact_field field_id=\u00bbDate\u00bb field_title=\u00bbFecha deseada\u00bb field_type=\u00bbselect\u00bb select_options=\u00bb%91{%22value%22:%2201.02.2023%22,%22checked%22:0,%22dragID%22:-1},{%22value%22:%2202.02.2023%22,%22checked%22:0,%22dragID%22:1},{%22value%22:%2203.02.2023%22,%22checked%22:0,%22dragID%22:0}%93&#8243; _builder_version=\u00bb4.27.4&#8243; _module_preset=\u00bbdefault\u00bb form_field_focus_text_color=\u00bb#000000&#8243; global_colors_info=\u00bb{}\u00bb][\/et_pb_contact_field][et_pb_contact_field field_id=\u00bbpersonne\u00bb field_title=\u00bb1 persona\u00bb field_type=\u00bbselect\u00bb select_options=\u00bb%91{%22value%22:%221 Persona%22,%22checked%22:0,%22dragID%22:-1},{%22value%22:%222 Personas%22,%22checked%22:0,%22dragID%22:0},{%22value%22:%223 Personas%22,%22checked%22:0,%22dragID%22:1},{%22value%22:%224 Personas%22,%22checked%22:0,%22dragID%22:2}%93&#8243; _builder_version=\u00bb4.27.4&#8243; _module_preset=\u00bbdefault\u00bb form_field_focus_text_color=\u00bb#000000&#8243; global_colors_info=\u00bb{}\u00bb][\/et_pb_contact_field][et_pb_contact_field field_id=\u00bbMessage\u00bb field_title=\u00bb\u00bfAlguna indicaci\u00f3n adicional?\u00bb field_type=\u00bbtext\u00bb required_mark=\u00bboff\u00bb fullwidth_field=\u00bbon\u00bb _builder_version=\u00bb4.27.4&#8243; height=\u00bb165px\u00bb height_tablet=\u00bb120px\u00bb height_phone=\u00bb120px\u00bb height_last_edited=\u00bbon|tablet\u00bb global_colors_info=\u00bb{}\u00bb button_text_size__hover_enabled=\u00bboff\u00bb button_one_text_size__hover_enabled=\u00bboff\u00bb button_two_text_size__hover_enabled=\u00bboff\u00bb button_text_color__hover_enabled=\u00bboff\u00bb button_one_text_color__hover_enabled=\u00bboff\u00bb button_two_text_color__hover_enabled=\u00bboff\u00bb button_border_width__hover_enabled=\u00bboff\u00bb button_one_border_width__hover_enabled=\u00bboff\u00bb button_two_border_width__hover_enabled=\u00bboff\u00bb button_border_color__hover_enabled=\u00bboff\u00bb button_one_border_color__hover_enabled=\u00bboff\u00bb button_two_border_color__hover_enabled=\u00bboff\u00bb button_border_radius__hover_enabled=\u00bboff\u00bb button_one_border_radius__hover_enabled=\u00bboff\u00bb button_two_border_radius__hover_enabled=\u00bboff\u00bb button_letter_spacing__hover_enabled=\u00bboff\u00bb button_one_letter_spacing__hover_enabled=\u00bboff\u00bb button_two_letter_spacing__hover_enabled=\u00bboff\u00bb button_bg_color__hover_enabled=\u00bboff\u00bb button_one_bg_color__hover_enabled=\u00bboff\u00bb button_two_bg_color__hover_enabled=\u00bboff\u00bb][\/et_pb_contact_field][\/et_pb_contact_form][\/et_pb_column][et_pb_column type=\u00bb1_2&#8243; _builder_version=\u00bb4.24.3&#8243; _module_preset=\u00bbdefault\u00bb global_colors_info=\u00bb{}\u00bb][et_pb_heading title=\u00bbDirecci\u00f3n\u00bb _builder_version=\u00bb4.27.4&#8243; _module_preset=\u00bb_initial\u00bb title_level=\u00bbh3&#8243; title_font=\u00bbOutfit|500|||||||\u00bb title_font_size=\u00bb24px\u00bb title_line_height=\u00bb1.4em\u00bb custom_margin=\u00bb||10px||false|false\u00bb title_font_size_tablet=\u00bb20px\u00bb title_font_size_phone=\u00bb16px\u00bb title_font_size_last_edited=\u00bbon|desktop\u00bb border_color_all=\u00bbrgba(0,0,0,0.15)\u00bb border_width_bottom=\u00bb2px\u00bb locked=\u00bboff\u00bb global_colors_info=\u00bb{}\u00bb][\/et_pb_heading][et_pb_text quote_border_color=\u00bb#ff4d00&#8243; _builder_version=\u00bb4.27.4&#8243; _module_preset=\u00bb_initial\u00bb text_font=\u00bbOutfit|300|||||||\u00bb text_font_size=\u00bb18px\u00bb text_line_height=\u00bb1.8em\u00bb link_text_color=\u00bb#ff4d00&#8243; quote_font=\u00bbEncode Sans Condensed|600|||||||\u00bb quote_text_color=\u00bb#2f5d58&#8243; quote_font_size=\u00bb24px\u00bb quote_line_height=\u00bb1.4em\u00bb header_font=\u00bbEncode Sans Condensed|600||on|||||\u00bb header_font_size=\u00bb72px\u00bb header_line_height=\u00bb1.2em\u00bb header_2_font=\u00bbEncode Sans Condensed|500|||||||\u00bb header_2_font_size=\u00bb52px\u00bb header_2_line_height=\u00bb1.4em\u00bb header_3_font=\u00bbEncode Sans Condensed|500|||||||\u00bb header_3_font_size=\u00bb36px\u00bb header_3_line_height=\u00bb1.4em\u00bb header_4_font=\u00bbEncode Sans Condensed|600|||||||\u00bb header_4_font_size=\u00bb24px\u00bb header_4_line_height=\u00bb1.4em\u00bb header_5_font=\u00bbEncode Sans Condensed|600|||||||\u00bb header_5_font_size=\u00bb20px\u00bb header_5_line_height=\u00bb1.5em\u00bb header_6_font=\u00bbJosefin Sans|700|||||||\u00bb header_6_font_size=\u00bb16px\u00bb header_6_line_height=\u00bb1.8em\u00bb text_font_size_tablet=\u00bb15px\u00bb text_font_size_phone=\u00bb14px\u00bb text_font_size_last_edited=\u00bbon|desktop\u00bb quote_font_size_tablet=\u00bb16px\u00bb quote_font_size_phone=\u00bb15px\u00bb quote_font_size_last_edited=\u00bbon|desktop\u00bb header_font_size_tablet=\u00bb40px\u00bb header_font_size_phone=\u00bb24px\u00bb header_font_size_last_edited=\u00bbon|desktop\u00bb header_2_font_size_tablet=\u00bb32px\u00bb header_2_font_size_phone=\u00bb20px\u00bb header_2_font_size_last_edited=\u00bbon|desktop\u00bb header_3_font_size_tablet=\u00bb20px\u00bb header_3_font_size_phone=\u00bb16px\u00bb header_3_font_size_last_edited=\u00bbon|desktop\u00bb header_4_font_size_tablet=\u00bb16px\u00bb header_4_font_size_phone=\u00bb15px\u00bb header_4_font_size_last_edited=\u00bbon|desktop\u00bb header_5_font_size_tablet=\u00bb16px\u00bb header_5_font_size_phone=\u00bb14px\u00bb header_5_font_size_last_edited=\u00bbon|desktop\u00bb header_6_font_size_tablet=\u00bb15px\u00bb header_6_font_size_phone=\u00bb14px\u00bb header_6_font_size_last_edited=\u00bbon|desktop\u00bb global_colors_info=\u00bb{}\u00bb]<\/p>\n<p>13 Rue des Faussets, 33000 Burdeos<\/p>\n<p>[\/et_pb_text][et_pb_heading title=\u00bbHorarios\u00bb _builder_version=\u00bb4.24.3&#8243; _module_preset=\u00bb_initial\u00bb title_level=\u00bbh3&#8243; title_font=\u00bbOutfit|500|||||||\u00bb title_font_size=\u00bb24px\u00bb title_line_height=\u00bb1.4em\u00bb custom_margin=\u00bb||10px||false|false\u00bb title_font_size_tablet=\u00bb20px\u00bb title_font_size_phone=\u00bb16px\u00bb title_font_size_last_edited=\u00bbon|desktop\u00bb border_color_all=\u00bbrgba(0,0,0,0.15)\u00bb border_width_bottom=\u00bb2px\u00bb locked=\u00bboff\u00bb global_colors_info=\u00bb{}\u00bb][\/et_pb_heading][et_pb_text quote_border_color=\u00bb#ff4d00&#8243; _builder_version=\u00bb4.27.4&#8243; _module_preset=\u00bb_initial\u00bb text_font=\u00bbOutfit|300|||||||\u00bb text_font_size=\u00bb18px\u00bb text_line_height=\u00bb1.8em\u00bb link_text_color=\u00bb#ff4d00&#8243; quote_font=\u00bbEncode Sans Condensed|600|||||||\u00bb quote_text_color=\u00bb#2f5d58&#8243; quote_font_size=\u00bb24px\u00bb quote_line_height=\u00bb1.4em\u00bb header_font=\u00bbEncode Sans Condensed|600||on|||||\u00bb header_font_size=\u00bb72px\u00bb header_line_height=\u00bb1.2em\u00bb header_2_font=\u00bbEncode Sans Condensed|500|||||||\u00bb header_2_font_size=\u00bb52px\u00bb header_2_line_height=\u00bb1.4em\u00bb header_3_font=\u00bbEncode Sans Condensed|500|||||||\u00bb header_3_font_size=\u00bb36px\u00bb header_3_line_height=\u00bb1.4em\u00bb header_4_font=\u00bbEncode Sans Condensed|600|||||||\u00bb header_4_font_size=\u00bb24px\u00bb header_4_line_height=\u00bb1.4em\u00bb header_5_font=\u00bbEncode Sans Condensed|600|||||||\u00bb header_5_font_size=\u00bb20px\u00bb header_5_line_height=\u00bb1.5em\u00bb header_6_font=\u00bbJosefin Sans|700|||||||\u00bb header_6_font_size=\u00bb16px\u00bb header_6_line_height=\u00bb1.8em\u00bb text_font_size_tablet=\u00bb15px\u00bb text_font_size_phone=\u00bb14px\u00bb text_font_size_last_edited=\u00bbon|desktop\u00bb quote_font_size_tablet=\u00bb16px\u00bb quote_font_size_phone=\u00bb15px\u00bb quote_font_size_last_edited=\u00bbon|desktop\u00bb header_font_size_tablet=\u00bb40px\u00bb header_font_size_phone=\u00bb24px\u00bb header_font_size_last_edited=\u00bbon|desktop\u00bb header_2_font_size_tablet=\u00bb32px\u00bb header_2_font_size_phone=\u00bb20px\u00bb header_2_font_size_last_edited=\u00bbon|desktop\u00bb header_3_font_size_tablet=\u00bb20px\u00bb header_3_font_size_phone=\u00bb16px\u00bb header_3_font_size_last_edited=\u00bbon|desktop\u00bb header_4_font_size_tablet=\u00bb16px\u00bb header_4_font_size_phone=\u00bb15px\u00bb header_4_font_size_last_edited=\u00bbon|desktop\u00bb header_5_font_size_tablet=\u00bb16px\u00bb header_5_font_size_phone=\u00bb14px\u00bb header_5_font_size_last_edited=\u00bbon|desktop\u00bb header_6_font_size_tablet=\u00bb15px\u00bb header_6_font_size_phone=\u00bb14px\u00bb header_6_font_size_last_edited=\u00bbon|desktop\u00bb locked=\u00bboff\u00bb global_colors_info=\u00bb{}\u00bb]<\/p>\n<p data-renderer-start-pos=\"917\">Domingo lunes Jueves 12:00-14:30 &#8211; 18:30-22:30<br \/>Viernes S\u00e1bado 12:00-14:30 &#8211; 19:00-23:00<\/p>\n<p>[\/et_pb_text][et_pb_heading title=\u00bbContacto directo\u00bb _builder_version=\u00bb4.27.4&#8243; _module_preset=\u00bb_initial\u00bb title_level=\u00bbh3&#8243; title_font=\u00bbOutfit|500|||||||\u00bb title_font_size=\u00bb24px\u00bb title_line_height=\u00bb1.4em\u00bb custom_margin=\u00bb||10px||false|false\u00bb title_font_size_tablet=\u00bb20px\u00bb title_font_size_phone=\u00bb16px\u00bb title_font_size_last_edited=\u00bbon|desktop\u00bb border_color_all=\u00bbrgba(0,0,0,0.15)\u00bb border_width_bottom=\u00bb2px\u00bb locked=\u00bboff\u00bb global_colors_info=\u00bb{}\u00bb][\/et_pb_heading][et_pb_text quote_border_color=\u00bb#ff4d00&#8243; _builder_version=\u00bb4.27.4&#8243; _module_preset=\u00bb_initial\u00bb text_font=\u00bbOutfit|300|||||||\u00bb text_text_color=\u00bb#000000&#8243; text_font_size=\u00bb18px\u00bb text_line_height=\u00bb1.8em\u00bb link_font=\u00bb||||on||||\u00bb link_text_color=\u00bb#000000&#8243; quote_font=\u00bbEncode Sans Condensed|600|||||||\u00bb quote_text_color=\u00bb#2f5d58&#8243; quote_font_size=\u00bb24px\u00bb quote_line_height=\u00bb1.4em\u00bb header_font=\u00bbEncode Sans Condensed|600||on|||||\u00bb header_font_size=\u00bb72px\u00bb header_line_height=\u00bb1.2em\u00bb header_2_font=\u00bbEncode Sans Condensed|500|||||||\u00bb header_2_font_size=\u00bb52px\u00bb header_2_line_height=\u00bb1.4em\u00bb header_3_font=\u00bbEncode Sans Condensed|500|||||||\u00bb header_3_font_size=\u00bb36px\u00bb header_3_line_height=\u00bb1.4em\u00bb header_4_font=\u00bbEncode Sans Condensed|600|||||||\u00bb header_4_font_size=\u00bb24px\u00bb header_4_line_height=\u00bb1.4em\u00bb header_5_font=\u00bbEncode Sans Condensed|600|||||||\u00bb header_5_font_size=\u00bb20px\u00bb header_5_line_height=\u00bb1.5em\u00bb header_6_font=\u00bbJosefin Sans|700|||||||\u00bb header_6_font_size=\u00bb16px\u00bb header_6_line_height=\u00bb1.8em\u00bb text_font_size_tablet=\u00bb15px\u00bb text_font_size_phone=\u00bb14px\u00bb text_font_size_last_edited=\u00bbon|desktop\u00bb quote_font_size_tablet=\u00bb16px\u00bb quote_font_size_phone=\u00bb15px\u00bb quote_font_size_last_edited=\u00bbon|desktop\u00bb header_font_size_tablet=\u00bb40px\u00bb header_font_size_phone=\u00bb24px\u00bb header_font_size_last_edited=\u00bbon|desktop\u00bb header_2_font_size_tablet=\u00bb32px\u00bb header_2_font_size_phone=\u00bb20px\u00bb header_2_font_size_last_edited=\u00bbon|desktop\u00bb header_3_font_size_tablet=\u00bb20px\u00bb header_3_font_size_phone=\u00bb16px\u00bb header_3_font_size_last_edited=\u00bbon|desktop\u00bb header_4_font_size_tablet=\u00bb16px\u00bb header_4_font_size_phone=\u00bb15px\u00bb header_4_font_size_last_edited=\u00bbon|desktop\u00bb header_5_font_size_tablet=\u00bb16px\u00bb header_5_font_size_phone=\u00bb14px\u00bb header_5_font_size_last_edited=\u00bbon|desktop\u00bb header_6_font_size_tablet=\u00bb15px\u00bb header_6_font_size_phone=\u00bb14px\u00bb header_6_font_size_last_edited=\u00bbon|desktop\u00bb locked=\u00bboff\u00bb global_colors_info=\u00bb{}\u00bb]<\/p>\n<p><a href=\"tel:05%2056%2051%2005%2052\">05 56 51 05 52<\/a><br \/><a href=\"mailto:cotedeboeuf33000@gmail.com\">cotedeboeuf33000@gmail.com<\/a><\/p>\n<p>[\/et_pb_text][\/et_pb_column][\/et_pb_row][\/et_pb_section][et_pb_section fb_built=\u00bb1&#8243; admin_label=\u00bbMap\u00bb _builder_version=\u00bb4.24.3&#8243; _module_preset=\u00bbdefault\u00bb collapsed=\u00bbon\u00bb global_colors_info=\u00bb{}\u00bb][et_pb_row column_structure=\u00bb1_2,1_2&#8243; use_custom_gutter=\u00bbon\u00bb gutter_width=\u00bb1&#8243; _builder_version=\u00bb4.27.4&#8243; _module_preset=\u00bbdefault\u00bb background_enable_color=\u00bboff\u00bb max_width=\u00bbnone\u00bb custom_padding=\u00bb44px||44px||true|false\u00bb border_radii=\u00bbon|36px|36px|36px|36px\u00bb global_colors_info=\u00bb{}\u00bb][et_pb_column type=\u00bb1_2&#8243; _builder_version=\u00bb4.27.4&#8243; _module_preset=\u00bbdefault\u00bb background_color=\u00bbrgba(0,0,0,0.03)\u00bb custom_padding=\u00bb52px||52px||true|false\u00bb border_radii=\u00bbon|50px|50px|50px|50px\u00bb global_colors_info=\u00bb{}\u00bb][et_pb_text _builder_version=\u00bb4.27.4&#8243; _module_preset=\u00bbdefault\u00bb header_2_font=\u00bbLibre Bodoni||||||||\u00bb header_2_text_align=\u00bbcenter\u00bb header_2_text_color=\u00bb#000000&#8243; header_2_font_size=\u00bb30px\u00bb header_2_line_height=\u00bb1.1em\u00bb width=\u00bb73%\u00bb max_width=\u00bb490%\u00bb module_alignment=\u00bbcenter\u00bb custom_margin=\u00bb0px||11px||false|false\u00bb custom_padding=\u00bb0px||0px||false|false\u00bb header_2_font_size_tablet=\u00bb48px\u00bb header_2_font_size_phone=\u00bb30px\u00bb header_2_font_size_last_edited=\u00bbon|phone\u00bb header_2_line_height_tablet=\u00bb1.1em\u00bb header_2_line_height_phone=\u00bb1.2em\u00bb header_2_line_height_last_edited=\u00bbon|phone\u00bb locked=\u00bboff\u00bb global_colors_info=\u00bb{}\u00bb]<\/p>\n<h2>Una experiencia acogedora en pleno coraz\u00f3n de Burdeos<\/h2>\n<p>[\/et_pb_text][et_pb_text _builder_version=\u00bb4.27.4&#8243; _module_preset=\u00bbdefault\u00bb text_font=\u00bbOutfit|300|||||||\u00bb text_text_color=\u00bb#000000&#8243; text_font_size=\u00bb18px\u00bb text_line_height=\u00bb1.8em\u00bb header_3_font=\u00bbOutfit|300|||||||\u00bb header_3_text_color=\u00bb#ffdea0&#8243; header_3_font_size=\u00bb25px\u00bb text_orientation=\u00bbcenter\u00bb width=\u00bb79%\u00bb module_alignment=\u00bbcenter\u00bb custom_margin=\u00bb||||false|false\u00bb locked=\u00bboff\u00bb global_colors_info=\u00bb{}\u00bb]<\/p>\n<p>Situado en el barrio hist\u00f3rico de Burdeos,<br \/>La C\u00f4te de B\u0153uf es f\u00e1cilmente accesible en transporte p\u00fablico y dispone de aparcamientos cercanos.<\/p>\n<p>\ud83d\ude87 Acceso en tranv\u00eda:<br \/>Tranv\u00eda C y D \u2013 Parada Place de la Bourse (a 3 min a pie)<\/p>\n<p>\ud83d\ude97 Aparcamiento cercano:<br \/>Aparcamiento Place de la Bourse (5 min a pie)<br \/>Aparcamiento Camille Jullian (7 min a pie)<\/p>\n<p>[\/et_pb_text][\/et_pb_column][et_pb_column type=\u00bb1_2&#8243; _builder_version=\u00bb4.27.4&#8243; _module_preset=\u00bbdefault\u00bb global_colors_info=\u00bb{}\u00bb][et_pb_text _builder_version=\u00bb4.27.4&#8243; _module_preset=\u00bbdefault\u00bb header_2_font=\u00bbLibre Bodoni||||||||\u00bb header_2_text_align=\u00bbcenter\u00bb header_2_text_color=\u00bb#000000&#8243; header_2_font_size=\u00bb30px\u00bb header_2_line_height=\u00bb1.1em\u00bb width=\u00bb73%\u00bb max_width=\u00bb490%\u00bb module_alignment=\u00bbcenter\u00bb custom_margin=\u00bb0px||11px||false|false\u00bb custom_padding=\u00bb0px||0px||false|false\u00bb header_2_font_size_tablet=\u00bb48px\u00bb header_2_font_size_phone=\u00bb30px\u00bb header_2_font_size_last_edited=\u00bbon|phone\u00bb header_2_line_height_tablet=\u00bb1.1em\u00bb header_2_line_height_phone=\u00bb1.2em\u00bb header_2_line_height_last_edited=\u00bbon|phone\u00bb locked=\u00bboff\u00bb global_colors_info=\u00bb{}\u00bb]<\/p>\n<h2>\u00a1Reserve su mesa en pocos clics!<\/h2>\n<p>[\/et_pb_text][et_pb_text _builder_version=\u00bb4.27.4&#8243; _module_preset=\u00bbdefault\u00bb text_font=\u00bbOutfit|300|||||||\u00bb text_text_color=\u00bb#000000&#8243; text_font_size=\u00bb18px\u00bb text_line_height=\u00bb1.8em\u00bb header_3_font=\u00bbOutfit|300|||||||\u00bb header_3_text_color=\u00bb#000000&#8243; header_3_font_size=\u00bb25px\u00bb text_orientation=\u00bbcenter\u00bb width=\u00bb79%\u00bb module_alignment=\u00bbcenter\u00bb custom_margin=\u00bb||||false|false\u00bb locked=\u00bboff\u00bb global_colors_info=\u00bb{}\u00bb]<\/p>\n<p>\u00bfDesea degustar una c\u00f4te de b\u0153uf cocinada a la perfecci\u00f3n, un magret de pato tierno o un foie gras del Suroeste en un ambiente acogedor?<\/p>\n<p>\ud83d\udd39 Reserva por tel\u00e9fono: Ll\u00e1menos al +33 5 56 51 05 52<br \/>\ud83d\udd39 Reserva por email: Env\u00edenos un mensaje a [email protected]<br \/>\ud83d\udd39 Reserva en l\u00ednea: [Enlace al formulario de reserva si existe]<\/p>\n<h3>Privatizaci\u00f3n y comidas de grupo<\/h3>\n<p>\u00bfOrganiza un evento especial? Cumplea\u00f1os, comida de empresa, boda, bautizo\u2026 Ofrecemos f\u00f3rmulas a medida desde 15 personas y podemos privatizar completamente el restaurante a partir de 40 comensales. <\/p>\n<p>\u00a1Cont\u00e1ctenos para hablar de su proyecto y crear un momento inolvidable en La C\u00f4te de B\u0153uf!<\/p>\n<p>[\/et_pb_text][\/et_pb_column][\/et_pb_row][\/et_pb_section]<\/p>\n","protected":false},"excerpt":{"rendered":"<p>13 Rue des Faussets, 33000 BurdeosDomingo lunes Jueves 12:00-14:30 &#8211; 18:30-22:30Viernes S\u00e1bado 12:00-14:30 &#8211; 19:00-23:0005 56 51 05 52cotedeboeuf33000@gmail.comUna experiencia acogedora en pleno coraz\u00f3n de BurdeosSituado en el barrio hist\u00f3rico de Burdeos,La C\u00f4te de B\u0153uf es f\u00e1cilmente accesible en transporte p\u00fablico y dispone de aparcamientos cercanos. \ud83d\ude87 Acceso en tranv\u00eda:Tranv\u00eda C y D \u2013 Parada [&hellip;]<\/p>\n","protected":false},"author":1,"featured_media":0,"parent":0,"menu_order":0,"comment_status":"closed","ping_status":"closed","template":"","meta":{"_et_pb_use_builder":"on","_et_pb_old_content":"","_et_gb_content_width":"","footnotes":""},"class_list":["post-248","page","type-page","status-publish","hentry"],"_links":{"self":[{"href":"https:\/\/lacotedeboeufbordeaux.com\/es\/wp-json\/wp\/v2\/pages\/248","targetHints":{"allow":["GET"]}}],"collection":[{"href":"https:\/\/lacotedeboeufbordeaux.com\/es\/wp-json\/wp\/v2\/pages"}],"about":[{"href":"https:\/\/lacotedeboeufbordeaux.com\/es\/wp-json\/wp\/v2\/types\/page"}],"author":[{"embeddable":true,"href":"https:\/\/lacotedeboeufbordeaux.com\/es\/wp-json\/wp\/v2\/users\/1"}],"replies":[{"embeddable":true,"href":"https:\/\/lacotedeboeufbordeaux.com\/es\/wp-json\/wp\/v2\/comments?post=248"}],"version-history":[{"count":5,"href":"https:\/\/lacotedeboeufbordeaux.com\/es\/wp-json\/wp\/v2\/pages\/248\/revisions"}],"predecessor-version":[{"id":315,"href":"https:\/\/lacotedeboeufbordeaux.com\/es\/wp-json\/wp\/v2\/pages\/248\/revisions\/315"}],"wp:attachment":[{"href":"https:\/\/lacotedeboeufbordeaux.com\/es\/wp-json\/wp\/v2\/media?parent=248"}],"curies":[{"name":"wp","href":"https:\/\/api.w.org\/{rel}","templated":true}]}}